{"id":32,"date":"2025-10-28T14:03:45","date_gmt":"2025-10-28T14:03:45","guid":{"rendered":"https:\/\/willmenrod.sg-wgw.de\/index.php\/empowerwp-pro\/"},"modified":"2026-01-13T21:35:23","modified_gmt":"2026-01-13T20:35:23","slug":"empowerwp-pro","status":"publish","type":"page","link":"https:\/\/sv-willmenrod.de\/","title":{"rendered":"Front Page"},"content":{"rendered":"<div  id=\"start\" data-label=\"start\" data-id=\"overlappable-7-mc\" data-export-id=\"overlappable-7-mc\" data-category=\"overlappable\" class=\"overlappable-7-mc content-section content-section-spacing\" data-overlap=\"true\"><div  class=\"gridContainer\"> <div  data-type=\"row\" class=\"row shadow\"><div  class=\"col-xs-12 col-sm-6 col-md-3 col-padding-small col-padding-small-xs bg-color-white\"> <div  class=\"text-center\"><div  class=\"col-xs-12 col-sm-fit space-bottom-small-xs\"> <a  data-cp-link=\"1\" href=\"https:\/\/sv-willmenrod.de?page_id=114\" target=\"lightbox\"><i  class=\"fa icon fa-soccer-ball-o large color-black\"><\/i><\/a><\/div> <div  data-type=\"column\" class=\"col-xs-12 col-sm\"><h4  class=\"\">Fu\u00dfball<\/h4> <p  class=\"\">Die Abteilung Fu\u00dfball stellt sich vor<\/p><\/div> <\/div><\/div> <div  class=\"col-xs-12 col-sm-6 col-md-3 col-padding-small col-padding-small-xs bg-color-white\"><div  class=\"text-center\"> <div  class=\"col-xs-12 col-sm-fit space-bottom-small-xs\"><a  data-cp-link=\"1\" href=\"https:\/\/sv-willmenrod.de?page_id=117\" target=\"lightbox\"><i  class=\"fa icon fa-circle-thin large color-black\"><\/i><\/a><\/div> <div  data-type=\"column\" class=\"col-xs-12 col-sm\"><h4  class=\"\">Tischtennis<\/h4> <p  class=\"\">Tischtennis beim SV Willmenrod<\/p><\/div> <\/div><\/div> <div  class=\"col-xs-12 col-sm-6 col-md-3 col-padding-small col-padding-small-xs bg-color-white\"><div  class=\"text-center\"> <div  class=\"col-xs-12 col-sm-fit space-bottom-small-xs\"><a  data-cp-link=\"1\" href=\"https:\/\/sv-willmenrod.de?page_id=126\" target=\"lightbox\"><i  class=\"fa icon fa-child large color-black\"><\/i><\/a><\/div> <div  data-type=\"column\" class=\"col-xs-12 col-sm\"><h4  class=\"\">Happy Kids<\/h4> <p  class=\"\">Tanzen mit Spa\u00df und Power f\u00fcr die Kleinen<\/p><\/div> <\/div><\/div> <div  class=\"col-xs-12 col-sm-6 col-md-3 col-padding-small col-padding-small-xs bg-color-white\"><div  class=\"text-center\"> <div  class=\"col-xs-12 col-sm-fit space-bottom-small-xs\"><a  data-cp-link=\"1\" href=\"https:\/\/sv-willmenrod.de?page_id=104\" target=\"lightbox\"><i  class=\"fa icon fa-heart-o large color-black\"><\/i><\/a><\/div> <div  data-type=\"column\" class=\"col-xs-12 col-sm\"><h4  class=\"\">Wer wir sind<\/h4> <p  class=\"\">Wir stellen uns vor<\/p><\/div> <\/div><\/div> <\/div><\/div> <\/div><div  data-label=\"team\" data-id=\"about--1\" data-export-id=\"about-images-right-section\" data-category=\"about\" class=\"about-images-right-section content-section content-section-spacing\" id=\"team\" style=\"background-color: rgb(245, 250, 253);\"><div  class=\"gridContainer\"> <div  class=\"row middle-sm text-center\"><div  class=\"col-sm-5 content-left-sm\" data-type=\"column\"> <h5  class=\"\">UNSER TEAM<\/h5> <h2  class=\"\">Unser<br ><span  style=\"font-family: Playfair Display,sans-serif; font-weight: 700; font-style: italic;\" href=\"#\">Team<\/span>&nbsp;vorgestellt<\/h2> <p  class=\"\">Ein Verein lebt vom Ehrenamt und w\u00e4re nicht realisierbar ohne entsprechende K\u00f6pfe. Ein paar von Ihnen werden hier vorgestellt.\n<br ><br >\nWir sind dar\u00fcber hinaus immer auf der Suche nach Menschen, die sich im Ehrenamt engagieren m\u00f6chten.\n<\/p> <a  class=\"button color1\" href=\"https:\/\/sv-willmenrod.de?page_id=202\" target=\"_self\" data-cp-link=\"1\" data-icon=\"\">UNSER TEAM<\/a><\/div> <div  class=\"col-sm-7 space-bottom-xs\"><div  class=\"image-group-side-3-img\"> <img  decoding=\"async\" class=\"topimg shadow-large\" src=\"https:\/\/sv-willmenrod.de\/wp-content\/uploads\/2025\/10\/cropped-cropped-DSC03171-scaled-1-1.jpg\" title=\"DSC03171\" alt=\"\"> <img  decoding=\"async\" class=\"rightimg shadow-large\" src=\"https:\/\/sv-willmenrod.de\/wp-content\/plugins\/mesmerize-companion\/theme-data\/mesmerize\/sections\/images\/background-2498615.jpg\"> <div  class=\"leftimg\"> <img  decoding=\"async\" class=\"shadow-large\" src=\"https:\/\/sv-willmenrod.de\/wp-content\/uploads\/2025\/10\/cropped-DSC03175-scaled-2.jpg\" title=\"DSC03175\" alt=\"\"><\/div> <\/div><\/div> <\/div><\/div> <\/div><div  id=\"abteilungen\" style=\"background-color: #f5fafd;\" data-label=\"abteilungen\" data-id=\"features-16-card-bordered\" data-export-id=\"features-16-card-bordered\" data-category=\"features\" class=\"features-16-card-bordered content-section content-section-spacing\"><div  class=\"gridContainer\"> <div  class=\"row text-center\"><div  class=\"section-title-col\" data-type=\"column\"> <h2  class=\"\">Ein Blick in unsere Abteilungen<\/h2> <p  class=\"lead\">Angebote f\u00fcr Jung und Alt: Eine der Hauptaufgaben des SV ist die F\u00f6rderung und Integration von Kindern und Jugendlichen. \n<br ><br >Daf\u00fcr h\u00e4lt der SV diverse Angebote auf die Zielgruppen abgestimmt bereit<\/p><\/div> <\/div> <div  class=\"row spaced-cols\" data-type=\"row\"> <div  class=\"col-xs-12 col-sm-6 col-md-4\"> <div  class=\"card no-padding bordered y-move\"> <img  decoding=\"async\" class=\"face\" src=\"https:\/\/sv-willmenrod.de\/wp-content\/uploads\/2025\/10\/cropped-football-5587398_1920.jpg\" title=\"fussball\" alt=\"\"> <div  data-type=\"column\" class=\"col-padding-small col-padding-small-xs description-container\"> <h4  class=\"font-500\">Fu\u00dfball<\/h4> <p  class=\"\">Der SV Rot-Wei\u00df Willmenrod steht f\u00fcr gelebte Fu\u00dfballleidenschaft \u2013 von den j\u00fcngsten Bambini bis zu den erfahrenen Alten Herren. Als Teil der SG WGW bieten wir ein breites und starkes Fu\u00dfballangebot f\u00fcr Kinder, Jugendliche und Erwachsene.<\/p><\/div> <div  data-type=\"column\" class=\"col-padding-small col-padding-small-xs read-more-container\"><a  class=\"read-more\" href=\"https:\/\/sv-willmenrod.de?page_id=114\" target=\"_self\" data-cp-link=\"1\">MEHR<\/a><\/div> <\/div><\/div> <div  class=\"col-xs-12 col-sm-6 col-md-4\"><div  class=\"card no-padding bordered y-move\"> <img  decoding=\"async\" class=\"face\" src=\"https:\/\/sv-willmenrod.de\/wp-content\/uploads\/2025\/10\/table-tennis-1039299_1920.jpg\" title=\"table-tennis-1039299_1920\" alt=\"\"> <div  data-type=\"column\" class=\"col-padding-small col-padding-small-xs description-container\"> <h4  class=\"font-500\">Tischtennis<\/h4> <p  class=\"\">Willkommen bei der Tischtennisabteilung der TTG Willmenrod\/Langenhahn.<br >\nSeit vielen Jahren steht unsere Abteilung f\u00fcr Leidenschaft, Teamgeist und sportlichen Ehrgeiz rund um den schnellsten R\u00fcckschlagsport der Welt.<\/p><\/div> <div  data-type=\"column\" class=\"col-padding-small col-padding-small-xs read-more-container\"><a  class=\"read-more\" href=\"https:\/\/sv-willmenrod.de?page_id=117\" target=\"_self\" data-cp-link=\"1\">MEHR<\/a><\/div> <\/div><\/div> <div  class=\"col-xs-12 col-sm-6 col-md-4\"><div  class=\"card no-padding bordered y-move\"> <img  decoding=\"async\" class=\"face\" src=\"https:\/\/sv-willmenrod.de\/wp-content\/uploads\/2025\/10\/kids-2581002_1920.jpg\" title=\"kids\" alt=\"\"> <div  data-type=\"column\" class=\"col-padding-small col-padding-small-xs description-container\"> <h4  class=\"font-500\">Happy Kids<\/h4> <p  class=\"\">Unsere Tanzgruppe Happy Kids ist gestartet \u2013 und bringt Bewegung, Musik und gute Laune in die Mehrzweckhalle Willmenrod! Hier treffen sich Kinder, die Freude am Tanzen haben&nbsp;und gemeinsam etwas Neues aufbauen m\u00f6chten.<\/p><\/div> <div  data-type=\"column\" class=\"col-padding-small col-padding-small-xs read-more-container\"><a  class=\"read-more\" href=\"https:\/\/sv-willmenrod.de?page_id=126\" target=\"lightbox\" data-cp-link=\"1\">MEHR<\/a><\/div> <\/div><\/div> <\/div><\/div> <\/div><div  id=\"kontakt\" data-label=\"kontakt\" data-id=\"contact-1\" data-export-id=\"contact-1\" data-category=\"contact\" class=\"contact-1 content-section content-section-spacing white-text cloudy_knoxville\" data-parallax-depth=\"20\" style=\"background-size: cover; background-position: center top;\"><div  class=\"gridContainer\"> <div  class=\"row text-center\"><div  class=\"section-title-col\" data-type=\"column\"> <h2  class=\"\">Kontakt<\/h2> <p  class=\"lead\">Bitte das folgende Formular ausf\u00fcllen, um direkt mit uns in Kontakt zu treten.<\/p><\/div> <\/div> <div  class=\"row text-center\"> <div  class=\"col-xs-12 col-sm-8 col-sm-offset-2 contact-form-wrapper inline-info\"> <div  class=\"card large-padding\"> <div  class=\"\" data-content-shortcode=\"mesmerize_contact_form shortcode=&quot;wpforms id=&amp;amp;quot;196&amp;amp;quot;&quot;\" data-editable=\"true\"><style id=\"wpforms-css-vars-196\">\n\t\t\t\t#wpforms-196 {\n\t\t\t\t--wpforms-container-padding: 0px;\n--wpforms-container-border-width: 1px;\n--wpforms-container-border-radius: 3px;\n--wpforms-background-color: rgba(0, 0, 0, 0);\n--wpforms-field-size-input-height: 43px;\n--wpforms-field-size-input-spacing: 15px;\n--wpforms-field-size-font-size: 16px;\n--wpforms-field-size-line-height: 19px;\n--wpforms-field-size-padding-h: 14px;\n--wpforms-field-size-checkbox-size: 16px;\n--wpforms-field-size-sublabel-spacing: 5px;\n--wpforms-field-size-icon-size: 1;\n--wpforms-label-size-font-size: 16px;\n--wpforms-label-size-line-height: 19px;\n--wpforms-label-size-sublabel-font-size: 14px;\n--wpforms-label-size-sublabel-line-height: 17px;\n--wpforms-button-size-font-size: 17px;\n--wpforms-button-size-height: 41px;\n--wpforms-button-size-padding-h: 15px;\n--wpforms-button-size-margin-top: 10px;\n--wpforms-container-shadow-size-box-shadow: none;\n\t\t\t}\n\t\t\t<\/style><div class=\"wpforms-container wpforms-container-full wpforms-render-modern\" id=\"wpforms-196\"><form id=\"wpforms-form-196\" class=\"wpforms-validate wpforms-form wpforms-ajax-form\" data-formid=\"196\" method=\"post\" enctype=\"multipart\/form-data\" action=\"\/index.php?rest_route=%2Fwp%2Fv2%2Fpages%2F32\" data-token=\"f0525ba9a5b3870380ba039f1202c018\" data-token-time=\"1777032939\"><noscript class=\"wpforms-error-noscript\">Bitte aktiviere JavaScript in deinem Browser, um dieses Formular fertigzustellen.<\/noscript><div id=\"wpforms-error-noscript\" style=\"display: none;\">Bitte aktiviere JavaScript in deinem Browser, um dieses Formular fertigzustellen.<\/div><div class=\"wpforms-field-container\"><div id=\"wpforms-196-field_1-container\" class=\"wpforms-field wpforms-field-name\" data-field-id=\"1\"><fieldset><legend class=\"wpforms-field-label\">Name <span class=\"wpforms-required-label\" aria-hidden=\"true\">*<\/span><\/legend><div class=\"wpforms-field-row wpforms-field-medium\"><div class=\"wpforms-field-row-block wpforms-first wpforms-one-half\"><input type=\"text\" id=\"wpforms-196-field_1\" class=\"wpforms-field-name-first wpforms-field-required\" name=\"wpforms[fields][1][first]\" aria-errormessage=\"wpforms-196-field_1-error\" required><label for=\"wpforms-196-field_1\" class=\"wpforms-field-sublabel after\">Vorname<\/label><\/div><div class=\"wpforms-field-row-block wpforms-one-half\"><input type=\"text\" id=\"wpforms-196-field_1-last\" class=\"wpforms-field-name-last wpforms-field-required\" name=\"wpforms[fields][1][last]\" aria-errormessage=\"wpforms-196-field_1-last-error\" required><label for=\"wpforms-196-field_1-last\" class=\"wpforms-field-sublabel after\">Nachname<\/label><\/div><\/div><\/fieldset><\/div>\t\t<div id=\"wpforms-196-field_4-container\"\n\t\t\tclass=\"wpforms-field wpforms-field-text\"\n\t\t\tdata-field-type=\"text\"\n\t\t\tdata-field-id=\"4\"\n\t\t\t>\n\t\t\t<label class=\"wpforms-field-label\" for=\"wpforms-196-field_4\" >Nachricht Kommentar E-Mail-Adresse<\/label>\n\t\t\t<input type=\"text\" id=\"wpforms-196-field_4\" class=\"wpforms-field-medium\" name=\"wpforms[fields][4]\" >\n\t\t<\/div>\n\t\t<div id=\"wpforms-196-field_2-container\" class=\"wpforms-field wpforms-field-email\" data-field-id=\"2\"><label class=\"wpforms-field-label\" for=\"wpforms-196-field_2\">E-Mail-Adresse <span class=\"wpforms-required-label\" aria-hidden=\"true\">*<\/span><\/label><input type=\"email\" id=\"wpforms-196-field_2\" class=\"wpforms-field-medium wpforms-field-required\" name=\"wpforms[fields][2]\" spellcheck=\"false\" aria-errormessage=\"wpforms-196-field_2-error\" required><\/div><div id=\"wpforms-196-field_3-container\" class=\"wpforms-field wpforms-field-textarea\" data-field-id=\"3\"><label class=\"wpforms-field-label\" for=\"wpforms-196-field_3\">Kommentar oder Nachricht<\/label><textarea id=\"wpforms-196-field_3\" class=\"wpforms-field-medium\" name=\"wpforms[fields][3]\" aria-errormessage=\"wpforms-196-field_3-error\" ><\/textarea><\/div><script>\n\t\t\t\t( function() {\n\t\t\t\t\tconst style = document.createElement( 'style' );\n\t\t\t\t\tstyle.appendChild( document.createTextNode( '#wpforms-196-field_4-container { position: absolute !important; overflow: hidden !important; display: inline !important; height: 1px !important; width: 1px !important; z-index: -1000 !important; padding: 0 !important; } #wpforms-196-field_4-container input { visibility: hidden; } #wpforms-conversational-form-page #wpforms-196-field_4-container label { counter-increment: none; }' ) );\n\t\t\t\t\tdocument.head.appendChild( style );\n\t\t\t\t\tdocument.currentScript?.remove();\n\t\t\t\t} )();\n\t\t\t<\/script><\/div><!-- .wpforms-field-container --><div class=\"wpforms-submit-container\" ><input type=\"hidden\" name=\"wpforms[id]\" value=\"196\"><input type=\"hidden\" name=\"page_title\" value=\"\"><input type=\"hidden\" name=\"page_url\" value=\"https:\/\/sv-willmenrod.de\/index.php?rest_route=\/wp\/v2\/pages\/32\"><input type=\"hidden\" name=\"url_referer\" value=\"\"><button type=\"submit\" name=\"wpforms[submit]\" id=\"wpforms-submit-196\" class=\"wpforms-submit\" data-alt-text=\"Wird gesendet\u00a0\u2026\" data-submit-text=\"Absenden\" aria-live=\"assertive\" value=\"wpforms-submit\">Absenden<\/button><img loading=\"lazy\" decoding=\"async\" src=\"https:\/\/sv-willmenrod.de\/wp-content\/plugins\/wpforms-lite\/assets\/images\/submit-spin.svg\" class=\"wpforms-submit-spinner\" style=\"display: none;\" width=\"26\" height=\"26\" alt=\"Wird geladen\"><\/div><\/form><\/div>  <!-- .wpforms-container --><\/div><\/div> <\/div><\/div> <\/div><\/div><div  data-label=\"impressum\" data-id=\"contact--1\" data-export-id=\"contact-5\" data-category=\"contact\" class=\"contact-5 content-section content-section-spacing\" id=\"impressum\" style=\"background-color: rgb(245, 250, 253);\"><div  class=\"gridContainer\"> <div  class=\"row text-center\"><div  class=\"section-title-col\" data-type=\"column\"> <h2  class=\"\">Impressum<\/h2> <p  class=\"lead\">Angaben gem\u00e4\u00df \u00a7 5 TMG und verantwortlich f\u00fcr den Inhalt nach \u00a7 55 Abs. 2 RStV:<\/p><\/div> <\/div> <div  class=\"row middle-sm\"> <div  class=\"col-xs-12 col-sm-6 image-holder space-bottom-xs\"> <img  decoding=\"async\" src=\"\/\/extendthemes.com\/assets\/mesmerize\/sections-images\/map2.png\"><\/div> <div  class=\"col-xs-12 col-sm-6\"><div  class=\"row middle-sm\"> <div  data-type=\"column\" class=\"col-xs-12 space-bottom-small\"><h3  class=\"color1\">SV Rot-Wei\u00df e.V. Willmenrod<\/h3><h5  class=\"\">1. Vorsitzende:&nbsp; &nbsp;Elvira Held<\/h5><\/div> <\/div> <div  class=\"row middle-sm\" data-type=\"row\"> <div  class=\"col-xs-12 space-bottom-small\"> <div  class=\"row\"> <div  data-type=\"column\" class=\"col-xs-12 col-sm-fit label-col\"> <h5  class=\"\">Addresse:<\/h5><h5  class=\"\">Telefon:<\/h5><h5  class=\"\">Vereinsregister<\/h5><\/div> <div  data-type=\"column\" class=\"col-xs-12 col-sm\"><p  class=\"\">Langwiese 8, 56459 Willmenrod<\/p><p  class=\"\">+49 123 456780<\/p><p  class=\"\">VR 393, Amtsgericht Montabaur<\/p><\/div> <\/div><\/div>   <div  class=\"col-xs-12 space-bottom-small\"><div  class=\"row\"> <div  data-type=\"column\" class=\"col-xs-12 col-sm-fit label-col\"><h5  class=\"\">Folge uns:<\/h5><\/div> <div  data-type=\"column\" class=\"col-xs-12 col-sm\"><div  data-type=\"group\" class=\"\"> <a  href=\"#\" target=\"_self\" data-reiki-hidden=\"true\"><i  class=\"fa icon fa-twitter-square color1\"><\/i><\/a> <a  href=\"#\" target=\"_self\"><i  class=\"fa icon fa-facebook-square color1\"><\/i><\/a> <a  href=\"#\" target=\"_self\"><i  class=\"fa icon fa-instagram color1\"><\/i><\/a> <a  href=\"#\" target=\"_self\" data-reiki-hidden=\"true\"><i  class=\"fa icon fa-rss color1\"><\/i><\/a><\/div> <\/div><\/div> <\/div><\/div> <\/div><\/div> <\/div><\/div>","protected":false},"excerpt":{"rendered":"<p>Fu\u00dfball Die Abteilung Fu\u00dfball stellt sich vor Tischtennis Tischtennis beim SV Willmenrod Happy Kids Tanzen mit Spa\u00df und Power f\u00fcr die Kleinen Wer wir sind Wir stellen uns vor UNSER TEAM UnserTeam&nbsp;vorgestellt Ein Verein lebt vom Ehrenamt und w\u00e4re nicht realisierbar ohne entsprechende K\u00f6pfe. Ein paar von Ihnen werden hier vorgestellt. Wir sind dar\u00fcber hinaus&hellip; <br \/> <a class=\"read-more\" href=\"https:\/\/sv-willmenrod.de\/\">Read more<\/a><\/p>\n","protected":false},"author":1,"featured_media":0,"parent":0,"menu_order":0,"comment_status":"closed","ping_status":"closed","template":"page-templates\/homepage.php","meta":{"footnotes":""},"class_list":["post-32","page","type-page","status-publish","hentry"],"_links":{"self":[{"href":"https:\/\/sv-willmenrod.de\/index.php?rest_route=\/wp\/v2\/pages\/32","targetHints":{"allow":["GET"]}}],"collection":[{"href":"https:\/\/sv-willmenrod.de\/index.php?rest_route=\/wp\/v2\/pages"}],"about":[{"href":"https:\/\/sv-willmenrod.de\/index.php?rest_route=\/wp\/v2\/types\/page"}],"author":[{"embeddable":true,"href":"https:\/\/sv-willmenrod.de\/index.php?rest_route=\/wp\/v2\/users\/1"}],"replies":[{"embeddable":true,"href":"https:\/\/sv-willmenrod.de\/index.php?rest_route=%2Fwp%2Fv2%2Fcomments&post=32"}],"version-history":[{"count":10,"href":"https:\/\/sv-willmenrod.de\/index.php?rest_route=\/wp\/v2\/pages\/32\/revisions"}],"predecessor-version":[{"id":213,"href":"https:\/\/sv-willmenrod.de\/index.php?rest_route=\/wp\/v2\/pages\/32\/revisions\/213"}],"wp:attachment":[{"href":"https:\/\/sv-willmenrod.de\/index.php?rest_route=%2Fwp%2Fv2%2Fmedia&parent=32"}],"curies":[{"name":"wp","href":"https:\/\/api.w.org\/{rel}","templated":true}]}}