{"id":202,"date":"2025-10-31T12:38:58","date_gmt":"2025-10-31T11:38:58","guid":{"rendered":"https:\/\/willmenrod.sg-wgw.de\/?page_id=202"},"modified":"2025-10-31T12:49:58","modified_gmt":"2025-10-31T11:49:58","slug":"team","status":"publish","type":"page","link":"https:\/\/sv-willmenrod.de\/?page_id=202","title":{"rendered":"Team"},"content":{"rendered":"<div data-label=\"Team\" data-id=\"team--1\" data-export-id=\"team-1\" data-category=\"team\" class=\"team-1 content-section content-section-spacing\" id=\"team-1\"  style=\"background-color: rgb(255, 255, 255);\"><div class=\"gridContainer\" > <div class=\"row text-center\" ><div class=\"section-title-col\" data-type=\"column\" > <h2 class=\"\" >Das Team des SV Rot-Wei\u00df Willmenrod<\/h2> <p class=\"lead\" >Jeden Tag mit Engagement und Ehrgeiz f\u00fcr das Ehrenamt im Einsatz sind unter anderem:<\/p><\/div> <\/div> <div class=\"row spaced-cols content-center-sm\" data-type=\"row\" > <div class=\"col-xs-12 col-sm-6 col-md-3\" > <div class=\"card bottom-border-color1 no-padding no-shadow\" > <img decoding=\"async\" class=\"face\" src=\"https:\/\/sv-willmenrod.de\/wp-content\/uploads\/2025\/10\/tschuth1.jpeg\"  title=\"tschuth1\" alt=\"\"> <div data-type=\"column\" class=\"col-padding-small col-padding-small-xs description-container\" > <h4 class=\"font-500\" >Thorsten Schuth<\/h4> <p class=\"small\" style=\"font-style: italic;\" >Gesch\u00e4ftsf\u00fchrer, Jugendleitung JSG W\u00e4llerland, Jugendtrainer bei der SG WGW<\/p> <div class=\"social-icons-group\" data-type=\"group\" > <a href=\"#\"  target=\"_self\" data-reiki-hidden=\"true\"><i class=\"fa icon fa-facebook-square gray\" ><\/i><\/a> <a href=\"#\"  target=\"_self\" data-reiki-hidden=\"true\"><i class=\"fa icon fa-twitter-square gray\" ><\/i><\/a> <a href=\"#\"  target=\"_self\" data-reiki-hidden=\"true\"><i class=\"fa icon fa-linkedin-square gray\" ><\/i><\/a> <a href=\"#\"  target=\"_self\" data-reiki-hidden=\"true\"><i class=\"fa icon fa-google-plus-square gray\" ><\/i><\/a><\/div> <\/div><\/div> <\/div> <div class=\"col-xs-12 col-sm-6 col-md-3\" > <div class=\"card bottom-border-color1 no-padding no-shadow\" > <img decoding=\"async\" class=\"face\" src=\"https:\/\/sv-willmenrod.de\/wp-content\/uploads\/2025\/10\/mhorn1.jpeg\"  title=\"mhorn1\" alt=\"\"> <div data-type=\"column\" class=\"col-padding-small col-padding-small-xs description-container\" > <h4 class=\"font-500\" >Michael Horn<\/h4> <p class=\"small\" style=\"font-style: italic;\" >Jugendleitung SV Rot-Wei\u00df Willmenrod, Jugendtrainer bei der SG WGW<\/p> <div class=\"social-icons-group\" data-type=\"group\" > <a href=\"#\"  target=\"_self\" data-reiki-hidden=\"true\"><i class=\"fa icon fa-facebook-square gray\" ><\/i><\/a> <a href=\"#\"  target=\"_self\" data-reiki-hidden=\"true\"><i class=\"fa icon fa-twitter-square gray\" ><\/i><\/a> <a href=\"#\"  target=\"_self\" data-reiki-hidden=\"true\"><i class=\"fa icon fa-linkedin-square gray\" ><\/i><\/a> <a href=\"#\"  target=\"_self\" data-reiki-hidden=\"true\"><i class=\"fa icon fa-google-plus-square gray\" ><\/i><\/a><\/div> <\/div><\/div> <\/div> <div class=\"col-xs-12 col-sm-6 col-md-3\" > <div class=\"card bottom-border-color1 no-padding no-shadow\" > <img decoding=\"async\" class=\"face\" src=\"https:\/\/sv-willmenrod.de\/wp-content\/uploads\/2025\/10\/vjanzen1.jpeg\"  title=\"vjanzen1\" alt=\"\"> <div data-type=\"column\" class=\"col-padding-small col-padding-small-xs description-container\" > <h4 class=\"font-500\" >Vitali Janzen<\/h4> <p class=\"small\" style=\"font-style: italic;\" >Jugendtrainer bei der SG WGW<\/p> <div class=\"social-icons-group\" data-type=\"group\" > <a href=\"#\"  target=\"_self\" data-reiki-hidden=\"true\"><i class=\"fa icon fa-facebook-square gray\" ><\/i><\/a> <a href=\"#\"  target=\"_self\" data-reiki-hidden=\"true\"><i class=\"fa icon fa-twitter-square gray\" ><\/i><\/a> <a href=\"#\"  target=\"_self\" data-reiki-hidden=\"true\"><i class=\"fa icon fa-linkedin-square gray\" ><\/i><\/a> <a href=\"#\"  target=\"_self\" data-reiki-hidden=\"true\"><i class=\"fa icon fa-google-plus-square gray\" ><\/i><\/a><\/div> <\/div><\/div> <\/div> <div class=\"col-xs-12 col-sm-6 col-md-3\" > <div class=\"card bottom-border-color1 no-padding no-shadow\" > <img decoding=\"async\" class=\"face\" src=\"https:\/\/sv-willmenrod.de\/wp-content\/uploads\/2025\/10\/thdiehl1.jpeg\"  title=\"thdiehl1\" alt=\"\"> <div data-type=\"column\" class=\"col-padding-small col-padding-small-xs description-container\" > <h4 class=\"font-500\" >Thorsten Diehl<\/h4> <p class=\"small\" style=\"font-style: italic;\" >Jugendtrainer bei der SG WGW<\/p> <div class=\"social-icons-group\" data-type=\"group\" > <a href=\"#\"  target=\"_self\" data-reiki-hidden=\"true\"><i class=\"fa icon fa-facebook-square gray\" ><\/i><\/a> <a href=\"#\"  target=\"_self\" data-reiki-hidden=\"true\"><i class=\"fa icon fa-twitter-square gray\" ><\/i><\/a> <a href=\"#\"  target=\"_self\" data-reiki-hidden=\"true\"><i class=\"fa icon fa-linkedin-square gray\" ><\/i><\/a> <a href=\"#\"  target=\"_self\" data-reiki-hidden=\"true\"><i class=\"fa icon fa-google-plus-square gray\" ><\/i><\/a><\/div> <\/div><\/div> <\/div>    <\/div> <\/div><\/div>","protected":false},"excerpt":{"rendered":"<p>Das Team des SV Rot-Wei\u00df Willmenrod Jeden Tag mit Engagement und Ehrgeiz f\u00fcr das Ehrenamt im Einsatz sind unter anderem: Thorsten Schuth Gesch\u00e4ftsf\u00fchrer, Jugendleitung JSG W\u00e4llerland, Jugendtrainer bei der SG WGW Michael Horn Jugendleitung SV Rot-Wei\u00df Willmenrod, Jugendtrainer bei der SG WGW Vitali Janzen Jugendtrainer bei der SG WGW Thorsten Diehl Jugendtrainer bei der SG&hellip; <br \/> <a class=\"read-more\" href=\"https:\/\/sv-willmenrod.de\/?page_id=202\">Read more<\/a><\/p>\n","protected":false},"author":1,"featured_media":0,"parent":0,"menu_order":0,"comment_status":"closed","ping_status":"closed","template":"pro\/page-templates\/full-width-page.php","meta":{"footnotes":""},"class_list":["post-202","page","type-page","status-publish","hentry"],"_links":{"self":[{"href":"https:\/\/sv-willmenrod.de\/index.php?rest_route=\/wp\/v2\/pages\/202","targetHints":{"allow":["GET"]}}],"collection":[{"href":"https:\/\/sv-willmenrod.de\/index.php?rest_route=\/wp\/v2\/pages"}],"about":[{"href":"https:\/\/sv-willmenrod.de\/index.php?rest_route=\/wp\/v2\/types\/page"}],"author":[{"embeddable":true,"href":"https:\/\/sv-willmenrod.de\/index.php?rest_route=\/wp\/v2\/users\/1"}],"replies":[{"embeddable":true,"href":"https:\/\/sv-willmenrod.de\/index.php?rest_route=%2Fwp%2Fv2%2Fcomments&post=202"}],"version-history":[{"count":2,"href":"https:\/\/sv-willmenrod.de\/index.php?rest_route=\/wp\/v2\/pages\/202\/revisions"}],"predecessor-version":[{"id":211,"href":"https:\/\/sv-willmenrod.de\/index.php?rest_route=\/wp\/v2\/pages\/202\/revisions\/211"}],"wp:attachment":[{"href":"https:\/\/sv-willmenrod.de\/index.php?rest_route=%2Fwp%2Fv2%2Fmedia&parent=202"}],"curies":[{"name":"wp","href":"https:\/\/api.w.org\/{rel}","templated":true}]}}