{"id":176,"date":"2025-10-30T13:06:22","date_gmt":"2025-10-30T12:06:22","guid":{"rendered":"https:\/\/willmenrod.sg-wgw.de\/?page_id=176"},"modified":"2025-10-30T13:40:41","modified_gmt":"2025-10-30T12:40:41","slug":"mitglieder","status":"publish","type":"page","link":"https:\/\/sv-willmenrod.de\/?page_id=176","title":{"rendered":"Mitglieder"},"content":{"rendered":"<div  data-label=\"Portfolio\" data-id=\"portfolio--1\" data-export-id=\"portfolio-5\" data-category=\"portfolio\" class=\"portfolio-5 content-section content-section-spacing\" id=\"portfolio-1\" style=\"background-color: rgb(255, 255, 255);\"><div  class=\"gridContainer\"> <div  class=\"row text-center\"><div  class=\"section-title-col\" data-type=\"column\"> <h2  class=\"\">Mitglied werden<\/h2> <p  class=\"lead\">Mitglied werden beim SV Rot-Wei\u00df Willmenrod \u2013 einfach Antrag downloaden, ausf\u00fcllen und loslegen!<\/p><\/div> <\/div> <div  class=\"row space-bottom spaced-cols\" data-type=\"row\"> <div  class=\"col-xs-12 col-sm-4 text-center col-md-6 \"> <div  class=\"card no-padding bordered\"> <div  data-hover-fx=\"portfolio-6\" class=\"contentswap-effect\"> <div  class=\"initial-image\"> <img  decoding=\"async\" data-size=\"500x333\" src=\"https:\/\/sv-willmenrod.de\/wp-content\/uploads\/2025\/10\/logo-svw.jpeg\"><\/div> <div  class=\"overlay bg-color6\"><\/div> <div  class=\"swap-inner col-xs-12\"> <div  class=\"row full-height-row middle-xs middle-sm\"> <div  class=\"col-xs-12 text-center content-holder\"> <a  class=\"button small color1\" href=\"https:\/\/sv-willmenrod.de\/wp-content\/uploads\/2025\/10\/Mitgliedsantrag-SG-WGW-SV-Willmenrod.pdf\" target=\"_blank\" data-cp-link=\"1\" data-icon=\"\">Antrag SV Willmenrod<\/a><\/div> <\/div><\/div> <\/div> <div  class=\"col-xs-12\"> <div  class=\"space-bottom space-top\" data-type=\"column\"> <h5  class=\"\">Mitgliedsantrag<\/h5> <p  class=\"small italic\">Dein Mitgliedsantrag f\u00fcr die SG WGW (Stammverein SV Rot-Wei\u00df Willmenrod \u2013 einfach downloaden, ausf\u00fcllen und an info@sv-willmenrod.de schicken oder beim Trainer abgeben!<\/p><\/div> <\/div><\/div> <\/div> <div  class=\"col-xs-12 col-sm-4 text-center col-md-6 \"> <div  class=\"card no-padding bordered\"> <div  data-hover-fx=\"portfolio-6\" class=\"contentswap-effect\"> <div  class=\"initial-image\"> <img  decoding=\"async\" data-size=\"500x333\" src=\"https:\/\/sv-willmenrod.de\/wp-content\/uploads\/2025\/10\/171219_FVR_Homepage-Kachel_400x356px_bunt.jpg\"><\/div> <div  class=\"overlay bg-color6\"><\/div> <div  class=\"swap-inner col-xs-12\"> <div  class=\"row full-height-row middle-xs middle-sm\"> <div  class=\"col-xs-12 text-center content-holder\"> <a  class=\"button small color1\" href=\"https:\/\/sv-willmenrod.de\/wp-content\/uploads\/2025\/10\/Passantrag_Fussballverband_Rheinland.pdf\" target=\"_blank\" data-cp-link=\"1\" data-icon=\"\">Spielerpass Fussballverband Rheinland<\/a><\/div> <\/div><\/div> <\/div> <div  class=\"col-xs-12\"> <div  class=\"space-bottom space-top\" data-type=\"column\"> <h5  class=\"\">Antrag Spielerpass Abteilung Fu\u00dfball<\/h5> <p  class=\"small italic\">Zus\u00e4tzlich dazu f\u00fcr den Bereich Fu\u00dfball den Spielerpassantrag des Fu\u00dfballverbandes Rheinland e.V. ausf\u00fcllen und mit einreichen.<\/p><\/div> <\/div><\/div> <\/div> <\/div> <div  class=\"row\"><div  data-type=\"column\" class=\"col-xs-12 text-center\"> <\/div> <\/div><\/div> <\/div>","protected":false},"excerpt":{"rendered":"<p>Mitglied werden Mitglied werden beim SV Rot-Wei\u00df Willmenrod \u2013 einfach Antrag downloaden, ausf\u00fcllen und loslegen! Antrag SV Willmenrod Mitgliedsantrag Dein Mitgliedsantrag f\u00fcr die SG WGW (Stammverein SV Rot-Wei\u00df Willmenrod \u2013 einfach downloaden, ausf\u00fcllen und an info@sv-willmenrod.de schicken oder beim Trainer abgeben! Spielerpass Fussballverband Rheinland Antrag Spielerpass Abteilung Fu\u00dfball Zus\u00e4tzlich dazu f\u00fcr den Bereich Fu\u00dfball den&hellip; <br \/> <a class=\"read-more\" href=\"https:\/\/sv-willmenrod.de\/?page_id=176\">Read more<\/a><\/p>\n","protected":false},"author":1,"featured_media":0,"parent":0,"menu_order":0,"comment_status":"closed","ping_status":"closed","template":"pro\/page-templates\/full-width-page.php","meta":{"footnotes":""},"class_list":["post-176","page","type-page","status-publish","hentry"],"_links":{"self":[{"href":"https:\/\/sv-willmenrod.de\/index.php?rest_route=\/wp\/v2\/pages\/176","targetHints":{"allow":["GET"]}}],"collection":[{"href":"https:\/\/sv-willmenrod.de\/index.php?rest_route=\/wp\/v2\/pages"}],"about":[{"href":"https:\/\/sv-willmenrod.de\/index.php?rest_route=\/wp\/v2\/types\/page"}],"author":[{"embeddable":true,"href":"https:\/\/sv-willmenrod.de\/index.php?rest_route=\/wp\/v2\/users\/1"}],"replies":[{"embeddable":true,"href":"https:\/\/sv-willmenrod.de\/index.php?rest_route=%2Fwp%2Fv2%2Fcomments&post=176"}],"version-history":[{"count":4,"href":"https:\/\/sv-willmenrod.de\/index.php?rest_route=\/wp\/v2\/pages\/176\/revisions"}],"predecessor-version":[{"id":195,"href":"https:\/\/sv-willmenrod.de\/index.php?rest_route=\/wp\/v2\/pages\/176\/revisions\/195"}],"wp:attachment":[{"href":"https:\/\/sv-willmenrod.de\/index.php?rest_route=%2Fwp%2Fv2%2Fmedia&parent=176"}],"curies":[{"name":"wp","href":"https:\/\/api.w.org\/{rel}","templated":true}]}}