{"id":117,"date":"2025-10-29T15:34:57","date_gmt":"2025-10-29T14:34:57","guid":{"rendered":"https:\/\/willmenrod.sg-wgw.de\/?page_id=117"},"modified":"2025-10-30T13:38:46","modified_gmt":"2025-10-30T12:38:46","slug":"tischtennis","status":"publish","type":"page","link":"https:\/\/sv-willmenrod.de\/?page_id=117","title":{"rendered":"Tischtennis"},"content":{"rendered":"<div  data-label=\"Tischtennis1\" data-id=\"content--1\" data-export-id=\"content-2\" data-category=\"content\" class=\"content-2 content-section content-section-spacing\" id=\"tischtennis1\" style=\"background-color: rgb(255, 255, 255);\"><div > <div  class=\"row middle-xs\"><div  class=\"col-sm-5 bg-image shadow-large-black\" data-bg=\"image\" style=\"background-image: url(&quot;https:\/\/sv-willmenrod.de\/wp-content\/uploads\/2025\/10\/cropped-table-tennis-1039299_1920-1.jpg&quot;);\"><\/div> <div  class=\"col-sm-7 full-col-left-padding full-col-right-padding\"> <div  class=\"row\"> <div  data-type=\"column\" class=\"space-bottom-small content-title-col\"> <h5  class=\"\">Tischtennis beim SV Rot Wei\u00df Willmenrod<\/h5> <h2  class=\"\">Willkommen bei der Tischtennisabteilung der TTG Willmenrod\/Langenhahn.<\/h2> <p  class=\"\" style=\"text-align: center;\">Seit vielen Jahren steht unsere Abteilung f\u00fcr Leidenschaft, Teamgeist und sportlichen Ehrgeiz rund um den schnellsten R\u00fcckschlagsport der Welt.<br >\nOb Anf\u00e4nger, Hobbyspieler oder Wettkampfsportler \u2013 bei uns ist jeder herzlich willkommen. Unser Training bietet f\u00fcr alle Leistungsniveaus die passende Gelegenheit, Technik, Taktik und Kondition zu verbessern \u2013 und das in einem freundschaftlichen, respektvollen Umfeld.<\/p><\/div> <\/div> <div  class=\"row spaced-cols \" data-type=\"row\"> <div  class=\"col-xs-6\" data-type=\"column\"> <h5  class=\"\">Regelm\u00e4\u00dfiges Training<\/h5> <p  class=\"\">Stets auf Ballh\u00f6he und mit dem Ziel jeden Spieler zu verbessern, bieten wir regelm\u00e4\u00dfige Einheiten an.<\/p><\/div> <div  class=\"col-xs-6\" data-type=\"column\"><h5  class=\"\">Teilnahme an Punktspielen und Turnieren&nbsp;<\/h5> <p  class=\"\">Ans\u00e4ssig im Tischtennisverband Rheinland nehmen wir an diversen Spielrunden in verschiedenen Altersklassen teil.<\/p><\/div> <div  class=\"col-xs-6\" data-type=\"column\"><h5  class=\"\">Einsteigerfreundliche Atmosph\u00e4re<\/h5> <p  class=\"\">Anf\u00e4nger? Kein Problem! Bei uns lernt jedermann den Umgang mit Ball und Schl\u00e4ger.<\/p><\/div> <div  class=\"col-xs-6\" data-type=\"column\"><h5  class=\"\">Gemeinsame Vereinsaktivit\u00e4ten<\/h5> <p  class=\"\">Gesellige Abende und gemeinsame Ausfl\u00fcge f\u00f6rdern das Miteinander.<\/p><\/div> <\/div><\/div> <\/div><\/div> <\/div><div  data-label=\"Tischtrennis2\" data-id=\"content--2\" data-export-id=\"content-3\" data-category=\"content\" class=\"content-3 content-section content-section-spacing\" id=\"tischtrennis2\" style=\"background-color: rgb(245, 250, 253);\"><div > <div  class=\"row middle-xs\"><div  class=\"col-sm-7 full-col-left-padding full-col-right-padding\"> <div  class=\"row\"><div  data-type=\"column\" class=\"space-bottom-small content-title-col\"> <h5  class=\"\">Unsere Ziele<\/h5> <h2  class=\"\">Spa\u00df, Spiel &amp; Leidenschaft<\/h2> <p  class=\"\" style=\"text-align: center;\">Wir m\u00f6chten nicht nur sportlich erfolgreich sein, sondern vor allem Spa\u00df am Spiel vermitteln und die Gemeinschaft im Verein st\u00e4rken.<br >\n<span  style=\"font-weight: 400;\">Aktuell spielen wir mit 3 Mannschaften in folgenden Klassen<\/span><\/p><\/div> <\/div> <div  class=\"row spaced-cols\" data-type=\"row\"> <div  class=\"col-xs-6\" data-type=\"column\"> <h5  class=\"\">Damen<\/h5> <p  class=\"\">Verbandsliga Rheinland<\/p><\/div>  <div  class=\"col-xs-6\" data-type=\"column\"><h5  class=\"\">1. Herren<\/h5> <p  class=\"\">Kreisliga<\/p><\/div> <div  class=\"col-xs-6\" data-type=\"column\"><h5  class=\"\">2. Herren<\/h5> <p  class=\"\">Zweite Kreisklasse<\/p><\/div> <\/div><\/div> <div  class=\"col-sm-5 bg-image shadow-large-black revert-classes-holder\" data-bg=\"image\" style=\"background-image: url(&quot;https:\/\/sv-willmenrod.de\/wp-content\/uploads\/2025\/10\/cropped-cropped-table-tennis-815716_1920.jpg&quot;);\"><\/div><\/div> <\/div><\/div><div  data-label=\"Features\" data-id=\"features--1\" data-export-id=\"features-6\" data-category=\"features\" class=\"features-6 content-section-spacing\" id=\"features-1\" style=\"background-color: rgb(255, 255, 255);\"><div  class=\"gridContainer\"> <div  class=\"row text-center\"><div  class=\"section-title-col\" data-type=\"column\"> <h2  class=\"\">Interesse? Komm vorbei!<\/h2> <p  class=\"lead\">Solltest auch Du Interesse haben, bei uns aktiv zu spielen, so melde Dich gerne!<\/p><\/div> <\/div> <div  data-type=\"row\" class=\"row space-bottom\"> <div  class=\"col-xs-12 col-sm-4 col-padding-small-xs\"> <div  class=\"row\"> <div  class=\"col-xs-fit\"> <p  class=\"oval color2\">1<\/p><\/div> <div  class=\"col-xs left-text\" data-type=\"column\"><h4  class=\"color2\">Kontakt aufnehmen<\/h4> <p  class=\"\">Michael Henkler<br >Hofacker 7, 56459 Willmenrod<br >Telefon: +49 2663 3338 \n<br >Mobil: +49 170 4351563<br >E-Mail: michael.henkler(@)kabelmail.de<\/p><\/div> <\/div><\/div> <div  class=\"col-xs-12 col-sm-4 col-padding-small-xs\"><div  class=\"row\"> <div  class=\"col-xs-fit\"><p  class=\"oval color2\">2<\/p><\/div> <div  class=\"col-xs left-text\" data-type=\"column\"><h4  class=\"color2\">Trainingszeit notieren<\/h4> <p  class=\"\">Freitags ab 18 Uhr in der Sporthalle\n<br >Koblenzer Stra\u00dfe\n<br >56459 Langenhahn<\/p><\/div> <\/div><\/div> <div  class=\"col-xs-12 col-sm-4 col-padding-small-xs\"><div  class=\"row\"> <div  class=\"col-xs-fit\"><p  class=\"oval color2\">3<\/p><\/div> <div  class=\"col-xs left-text\" data-type=\"column\"><h4  class=\"color2\">Have fun!<\/h4> <p  class=\"\">Schau doch einfach mal bei uns vorbei \u2013 wir freuen uns \u00fcber neue Gesichter an der Platte!<\/p><\/div> <\/div><\/div> <\/div> <div  class=\"row\"> <div  data-type=\"column\" class=\"col-xs-12 text-center\"> <\/div> <\/div><\/div> <\/div><div  data-label=\"Cta\" data-id=\"cta--1\" data-export-id=\"cta-blue-section\" data-category=\"cta\" class=\"cta-blue-section content-section content-section-spacing-medium bg-color1 white-text\" id=\"cta-1\"><div  class=\"gridContainer\"> <div  class=\"row middle-xs\"><div  class=\"col-sm-8 space-bottom-xs\" data-type=\"column\"> <h2  class=\"\">Mitglied werden direkt online:<\/h2> <\/div> <div  class=\"col-sm-4 end-sm\" data-type=\"column\"> <a  class=\"button color1\" href=\"https:\/\/sv-willmenrod.de?page_id=176\" target=\"_self\" data-cp-link=\"1\" data-icon=\"\">Mitgliedsantrag<\/a><\/div> <\/div><\/div> <\/div>","protected":false},"excerpt":{"rendered":"<p>Tischtennis beim SV Rot Wei\u00df Willmenrod Willkommen bei der Tischtennisabteilung der TTG Willmenrod\/Langenhahn. Seit vielen Jahren steht unsere Abteilung f\u00fcr Leidenschaft, Teamgeist und sportlichen Ehrgeiz rund um den schnellsten R\u00fcckschlagsport der Welt. Ob Anf\u00e4nger, Hobbyspieler oder Wettkampfsportler \u2013 bei uns ist jeder herzlich willkommen. Unser Training bietet f\u00fcr alle Leistungsniveaus die passende Gelegenheit, Technik, Taktik&hellip; <br \/> <a class=\"read-more\" href=\"https:\/\/sv-willmenrod.de\/?page_id=117\">Read more<\/a><\/p>\n","protected":false},"author":1,"featured_media":0,"parent":0,"menu_order":0,"comment_status":"closed","ping_status":"closed","template":"pro\/page-templates\/full-width-page.php","meta":{"footnotes":""},"class_list":["post-117","page","type-page","status-publish","hentry"],"_links":{"self":[{"href":"https:\/\/sv-willmenrod.de\/index.php?rest_route=\/wp\/v2\/pages\/117","targetHints":{"allow":["GET"]}}],"collection":[{"href":"https:\/\/sv-willmenrod.de\/index.php?rest_route=\/wp\/v2\/pages"}],"about":[{"href":"https:\/\/sv-willmenrod.de\/index.php?rest_route=\/wp\/v2\/types\/page"}],"author":[{"embeddable":true,"href":"https:\/\/sv-willmenrod.de\/index.php?rest_route=\/wp\/v2\/users\/1"}],"replies":[{"embeddable":true,"href":"https:\/\/sv-willmenrod.de\/index.php?rest_route=%2Fwp%2Fv2%2Fcomments&post=117"}],"version-history":[{"count":4,"href":"https:\/\/sv-willmenrod.de\/index.php?rest_route=\/wp\/v2\/pages\/117\/revisions"}],"predecessor-version":[{"id":189,"href":"https:\/\/sv-willmenrod.de\/index.php?rest_route=\/wp\/v2\/pages\/117\/revisions\/189"}],"wp:attachment":[{"href":"https:\/\/sv-willmenrod.de\/index.php?rest_route=%2Fwp%2Fv2%2Fmedia&parent=117"}],"curies":[{"name":"wp","href":"https:\/\/api.w.org\/{rel}","templated":true}]}}